{"id":90,"date":"2024-03-25T12:17:21","date_gmt":"2024-03-25T12:17:21","guid":{"rendered":"https:\/\/fshb.basketball\/?page_id=90"},"modified":"2026-03-12T10:42:28","modified_gmt":"2026-03-12T10:42:28","slug":"u18-vajza","status":"publish","type":"page","link":"https:\/\/fshb.basketball\/index.php\/u18-vajza\/","title":{"rendered":"U18 Vajza"},"content":{"rendered":"<p><a href=\"https:\/\/fshb.basketball\/wp-content\/uploads\/2026\/03\/FIERI-BASKET-Lista-e-lojtareve-2025-26-Kampionati-Kombetar-U18-Vajza-06.03.2026-1.pdf\">FIERI BASKET Lista e lojtar\u00ebve 2025-26 Kampionati Komb\u00ebtar U18 Vajza 06.03.2026<\/a><\/p>\n<p><a href=\"https:\/\/fshb.basketball\/wp-content\/uploads\/2025\/11\/FLAMURTARI-Lista-e-lojtareve-2025-26-Kampionati-Kombetar-U18-Vajza.pdf\">FLAMURTARI Lista e lojtar\u00ebve 2025-26 Kampionati Komb\u00ebtar U18 Vajza<\/a><\/p>\n<p><a href=\"https:\/\/fshb.basketball\/wp-content\/uploads\/2025\/11\/GOGA-BASKET-Lista-e-lojtareve-2025-26-Kampionati-Kombetar-U18-Vajza-1.pdf\">GOGA BASKET Lista e lojtar\u00ebve 2025-26 Kampionati Komb\u00ebtar U18 Vajza<\/a><\/p>\n<p><a href=\"https:\/\/fshb.basketball\/wp-content\/uploads\/2025\/12\/KS-TIRANA-Lista-e-lojtareve-2025-26-Kampionati-Kombetar-U18-Vajza-04.12.2025.pdf\">KS TIRANA Lista e lojtar\u00ebve 2025-26 Kampionati Komb\u00ebtar U18 Vajza 04.12.2025<\/a><\/p>\n<p><a href=\"https:\/\/fshb.basketball\/wp-content\/uploads\/2025\/12\/PARTIZANI-Lista-e-lojtareve-2025-26-Kampionati-Kombetar-U18-Vajza.pdf\">PARTIZANI Lista e lojtar\u00ebve 2025-26 Kampionati Komb\u00ebtar U18 Vajza<\/a><\/p>\n<p><a href=\"https:\/\/fshb.basketball\/wp-content\/uploads\/2025\/11\/THE-ROSES-Lista-e-lojtareve-2025-26-Kampionati-Kombetar-U18-Vajza.pdf\">THE ROSES Lista e lojtar\u00ebve 2025-26 Kampionati Komb\u00ebtar U18 Vajza<\/a><\/p>\n<p><a href=\"https:\/\/fshb.basketball\/wp-content\/uploads\/2026\/02\/SUPERIOR-Lista-e-lojtareve-2025-26-Kampionati-Kombetar-U18-Vajza-31.01.2026.pdf\">SUPERIOR Lista e lojtar\u00ebve 2025-26 Kampionati Komb\u00ebtar U18 Vajza 31.01.2026<\/a><\/p>\n<p><a href=\"https:\/\/fshb.basketball\/wp-content\/uploads\/2025\/12\/VLLAZNIA-Lista-e-lojtareve-2025-26-Kampionati-Kombetar-U18-Vajza.pdf\">VLLAZNIA Lista e lojtar\u00ebve 2025-26 Kampionati Komb\u00ebtar U18 Vajza<\/a><\/p>\n","protected":false},"excerpt":{"rendered":"<p>FIERI BASKET Lista e lojtar\u00ebve 2025-26 Kampionati Komb\u00ebtar U18 Vajza 06.03.2026 FLAMURTARI Lista e lojtar\u00ebve 2025-26 Kampionati Komb\u00ebtar U18 Vajza [&hellip;]<\/p>\n","protected":false},"author":1,"featured_media":0,"parent":0,"menu_order":0,"comment_status":"closed","ping_status":"closed","template":"","meta":{"footnotes":""},"class_list":["post-90","page","type-page","status-publish","hentry"],"_links":{"self":[{"href":"https:\/\/fshb.basketball\/index.php\/wp-json\/wp\/v2\/pages\/90","targetHints":{"allow":["GET"]}}],"collection":[{"href":"https:\/\/fshb.basketball\/index.php\/wp-json\/wp\/v2\/pages"}],"about":[{"href":"https:\/\/fshb.basketball\/index.php\/wp-json\/wp\/v2\/types\/page"}],"author":[{"embeddable":true,"href":"https:\/\/fshb.basketball\/index.php\/wp-json\/wp\/v2\/users\/1"}],"replies":[{"embeddable":true,"href":"https:\/\/fshb.basketball\/index.php\/wp-json\/wp\/v2\/comments?post=90"}],"version-history":[{"count":31,"href":"https:\/\/fshb.basketball\/index.php\/wp-json\/wp\/v2\/pages\/90\/revisions"}],"predecessor-version":[{"id":2859,"href":"https:\/\/fshb.basketball\/index.php\/wp-json\/wp\/v2\/pages\/90\/revisions\/2859"}],"wp:attachment":[{"href":"https:\/\/fshb.basketball\/index.php\/wp-json\/wp\/v2\/media?parent=90"}],"curies":[{"name":"wp","href":"https:\/\/api.w.org\/{rel}","templated":true}]}}