{"id":65,"date":"2024-03-25T12:15:45","date_gmt":"2024-03-25T12:15:45","guid":{"rendered":"https:\/\/fshb.basketball\/?page_id=65"},"modified":"2026-02-27T10:27:08","modified_gmt":"2026-02-27T10:27:08","slug":"u16-djem","status":"publish","type":"page","link":"https:\/\/fshb.basketball\/index.php\/u16-djem\/","title":{"rendered":"U16 Djem"},"content":{"rendered":"<p><a href=\"https:\/\/fshb.basketball\/wp-content\/uploads\/2025\/10\/APOLONIA-Lista-e-lojtareve-2025-26-Kampionati-Kombetar-U16-Djem.pdf\">APOLONIA Lista e lojtar\u00ebve 2025-26 Kampionati Komb\u00ebtar U16 Djem<\/a><\/p>\n<p><a href=\"https:\/\/fshb.basketball\/wp-content\/uploads\/2025\/10\/BESELIDHJA-Lista-e-lojtareve-2025-26-Kampionati-Kombetar-U16-Djem.pdf\">BES\u00cbLIDHJA Lista e lojtar\u00ebve 2025-26 Kampionati Komb\u00ebtar U16 Djem<\/a><\/p>\n<p><a href=\"https:\/\/fshb.basketball\/wp-content\/uploads\/2026\/01\/DINAMO-Lista-e-lojtareve-2025-26-Kampionati-Kombetar-U16-Djem-06.01.2026.pdf\">DINAMO Lista e lojtar\u00ebve 2025-26 Kampionati Komb\u00ebtar U16 Djem &#8211; 06.01.2026<\/a><\/p>\n<p><a href=\"https:\/\/fshb.basketball\/wp-content\/uploads\/2026\/02\/ELITE-BASKET-Lista-e-lojtareve-2025-26-Kampionati-Kombetar-U16-Djem-30.01.2026-1.pdf\">ELITE BASKET Lista e lojtar\u00ebve 2025-26 Kampionati Komb\u00ebtar U16 Djem 30.01.2026<\/a><\/p>\n<p><a href=\"https:\/\/fshb.basketball\/wp-content\/uploads\/2026\/01\/GALAKTIKKING-Lista-e-lojtareve-2025-26-Kampionati-Kombetar-U16-Djem-19.01.2026.pdf\">GALAKTIKKING Lista e lojtar\u00ebve 2025-26 Kampionati Komb\u00ebtar U16 Djem 19.01.2026<\/a><\/p>\n<p><a href=\"https:\/\/fshb.basketball\/wp-content\/uploads\/2025\/11\/GOGA-BASKET-Lista-e-lojtareve-2025-26-Kampionati-Kombetar-U16-Djem-19.11.2025.pdf\">GOGA BASKET Lista e lojtar\u00ebve 2025-26 Kampionati Komb\u00ebtar U16 Djem 19.11.2025<\/a><\/p>\n<p><a href=\"https:\/\/fshb.basketball\/wp-content\/uploads\/2026\/01\/HTL-SHKODRA-BASKET-Lista-e-lojtareve-2025-26-Kampionati-Kombetar-U16-Djem-28.01.2026.pdf\">HTL SHKODRA BASKET Lista e lojtar\u00ebve 2025-26 Kampionati Komb\u00ebtar U16 Djem 28.01.2026<\/a><\/p>\n<p><a href=\"https:\/\/fshb.basketball\/wp-content\/uploads\/2025\/10\/INVADERS-Lista-e-lojtareve-2025-26-Kampionati-Kombetar-U16-Djem-3.pdf\">INVADERS Lista e lojtar\u00ebve 2025-26 Kampionati Komb\u00ebtar U16 Djem<\/a><\/p>\n<p><a href=\"https:\/\/fshb.basketball\/wp-content\/uploads\/2026\/01\/JUVENILIA-BASKET-Lista-e-lojtareve-2025-26-Kampionati-Kombetar-U16-Djem-22.01.2026.pdf\">JUVENILIA BASKET Lista e lojtar\u00ebve 2025-26 Kampionati Komb\u00ebtar U16 Djem 22.01.2026<\/a><\/p>\n<p><a href=\"https:\/\/fshb.basketball\/wp-content\/uploads\/2025\/11\/KAMZA-Lista-e-lojtareve-2025-26-Kampionati-Kombetar-U16-Djem.pdf\">KAMZA Lista e lojtar\u00ebve 2025-26 Kampionati Komb\u00ebtar U16 Djem<\/a><\/p>\n<p><a href=\"https:\/\/fshb.basketball\/wp-content\/uploads\/2026\/01\/KS-TIRANA-Lista-e-lojtareve-2025-26-Kampionati-Kombetar-U16-Djem-06.01.2026.pdf\">KS TIRANA Lista e lojtar\u00ebve 2025-26 Kampionati Komb\u00ebtar U16 Djem &#8211; 06.01.2026<\/a><\/p>\n<p><a href=\"https:\/\/fshb.basketball\/wp-content\/uploads\/2025\/12\/LEADER-Lista-e-lojtareve-2025-26-Kampionati-Kombetar-U16-Djem.pdf\">LEADER Lista e lojtar\u00ebve 2025-26 Kampionati Komb\u00ebtar U16 Djem<\/a><\/p>\n<p><a href=\"https:\/\/fshb.basketball\/wp-content\/uploads\/2025\/10\/MARSI-Lista-e-lojtareve-2025-26-Kampionati-Kombetar-U16-Djem.pdf\">MARSI Lista e lojtar\u00ebve 2025-26 Kampionati Komb\u00ebtar U16 Djem<\/a><\/p>\n<p><a href=\"https:\/\/fshb.basketball\/wp-content\/uploads\/2026\/01\/PARTIZANI-Lista-e-lojtareve-2025-26-Kampionati-Kombetar-U16-Djem-16.01.2026.pdf\">PARTIZANI Lista e lojtar\u00ebve 2025-26 Kampionati Komb\u00ebtar U16 Djem 16.01.2026<\/a><\/p>\n<p><a href=\"https:\/\/fshb.basketball\/wp-content\/uploads\/2026\/02\/ROYAL-BASKET-Lista-e-lojtareve-2025-26-Kampionati-Kombetar-U16-Djem-31.01.2026.pdf\">ROYAL BASKET &#8211; Lista e lojtar\u00ebve 2025-26 Kampionati Komb\u00ebtar U16 Djem 31.01.2026<\/a><\/p>\n<p><a href=\"https:\/\/fshb.basketball\/wp-content\/uploads\/2025\/11\/SKENDERBEU-Lista-e-lojtareve-2025-26-Kampionati-Kombetar-U16-Djem.pdf\">SK\u00cbNDERBEU Lista e lojtar\u00ebve 2025-26 Kampionati Komb\u00ebtar U16 Djem<\/a><\/p>\n<p><a href=\"https:\/\/fshb.basketball\/wp-content\/uploads\/2026\/01\/SUPERIOR-Lista-e-lojtareve-2025-26-Kampionati-Kombetar-U16-Djem-27.01.2026-1.pdf\">SUPERIOR Lista e lojtar\u00ebve 2025-26 Kampionati Komb\u00ebtar U16 Djem 27.01.2026<\/a><\/p>\n<p><a href=\"https:\/\/fshb.basketball\/wp-content\/uploads\/2026\/01\/TEUTA-Lista-e-lojtareve-2025-26-Kampionati-Kombetar-U16-Djem-16.01.2026.pdf\">TEUTA Lista e lojtar\u00ebve 2025-26 Kampionati Komb\u00ebtar U16 Djem 16.01.2026<\/a><\/p>\n<p><a href=\"https:\/\/fshb.basketball\/wp-content\/uploads\/2026\/01\/VLLAZNIA-Lista-e-lojtareve-2025-26-Kampionati-Kombetar-U16-Djem-19.01.2026.pdf\">VLLAZNIA Lista e lojtar\u00ebve 2025-26 Kampionati Komb\u00ebtar U16 Djem 19.01.2026<\/a><\/p>\n<p><a href=\"https:\/\/fshb.basketball\/wp-content\/uploads\/2026\/02\/VLORA-BASKET-Lista-e-lojtareve-2025-26-Kampionati-Kombetar-U16-Djem-31.01.2026.pdf\">VLORA BASKET Lista e lojtar\u00ebve 2025-26 Kampionati Komb\u00ebtar U16 Djem 31.01.2026<\/a><\/p>\n","protected":false},"excerpt":{"rendered":"<p>APOLONIA Lista e lojtar\u00ebve 2025-26 Kampionati Komb\u00ebtar U16 Djem BES\u00cbLIDHJA Lista e lojtar\u00ebve 2025-26 Kampionati Komb\u00ebtar U16 Djem DINAMO Lista [&hellip;]<\/p>\n","protected":false},"author":1,"featured_media":0,"parent":0,"menu_order":0,"comment_status":"closed","ping_status":"closed","template":"","meta":{"footnotes":""},"class_list":["post-65","page","type-page","status-publish","hentry"],"_links":{"self":[{"href":"https:\/\/fshb.basketball\/index.php\/wp-json\/wp\/v2\/pages\/65","targetHints":{"allow":["GET"]}}],"collection":[{"href":"https:\/\/fshb.basketball\/index.php\/wp-json\/wp\/v2\/pages"}],"about":[{"href":"https:\/\/fshb.basketball\/index.php\/wp-json\/wp\/v2\/types\/page"}],"author":[{"embeddable":true,"href":"https:\/\/fshb.basketball\/index.php\/wp-json\/wp\/v2\/users\/1"}],"replies":[{"embeddable":true,"href":"https:\/\/fshb.basketball\/index.php\/wp-json\/wp\/v2\/comments?post=65"}],"version-history":[{"count":64,"href":"https:\/\/fshb.basketball\/index.php\/wp-json\/wp\/v2\/pages\/65\/revisions"}],"predecessor-version":[{"id":2814,"href":"https:\/\/fshb.basketball\/index.php\/wp-json\/wp\/v2\/pages\/65\/revisions\/2814"}],"wp:attachment":[{"href":"https:\/\/fshb.basketball\/index.php\/wp-json\/wp\/v2\/media?parent=65"}],"curies":[{"name":"wp","href":"https:\/\/api.w.org\/{rel}","templated":true}]}}