{"id":199,"date":"2024-03-27T10:14:52","date_gmt":"2024-03-27T10:14:52","guid":{"rendered":"https:\/\/fshb.basketball\/?page_id=199"},"modified":"2024-04-19T10:09:34","modified_gmt":"2024-04-19T10:09:34","slug":"gjyqtaret","status":"publish","type":"page","link":"https:\/\/fshb.basketball\/index.php\/gjyqtaret\/","title":{"rendered":"GJYQTAR\u00cbT"},"content":{"rendered":"\t\t<div data-elementor-type=\"wp-page\" data-elementor-id=\"199\" class=\"elementor elementor-199\">\n\t\t\t\t<div class=\"elementor-element elementor-element-a4b2332 e-flex e-con-boxed e-con e-parent\" data-id=\"a4b2332\" data-element_type=\"container\">\n\t\t\t\t\t<div class=\"e-con-inner\">\n\t\t\t\t<div class=\"elementor-element elementor-element-9ead275 elementor-tabs-view-horizontal elementor-widget elementor-widget-tabs\" data-id=\"9ead275\" data-element_type=\"widget\" data-widget_type=\"tabs.default\">\n\t\t\t\t<div class=\"elementor-widget-container\">\n\t\t\t\t\t\t\t<div class=\"elementor-tabs\">\n\t\t\t<div class=\"elementor-tabs-wrapper\" role=\"tablist\" >\n\t\t\t\t\t\t\t\t\t<div id=\"elementor-tab-title-1661\" class=\"elementor-tab-title elementor-tab-desktop-title\" aria-selected=\"true\" data-tab=\"1\" role=\"tab\" tabindex=\"0\" aria-controls=\"elementor-tab-content-1661\" aria-expanded=\"false\"><\/div>\n\t\t\t\t\t\t\t\t\t<div id=\"elementor-tab-title-1662\" class=\"elementor-tab-title elementor-tab-desktop-title\" aria-selected=\"false\" data-tab=\"2\" role=\"tab\" tabindex=\"-1\" aria-controls=\"elementor-tab-content-1662\" aria-expanded=\"false\">Gjyqtaret<\/div>\n\t\t\t\t\t\t\t\t\t<div id=\"elementor-tab-title-1663\" class=\"elementor-tab-title elementor-tab-desktop-title\" aria-selected=\"false\" data-tab=\"3\" role=\"tab\" tabindex=\"-1\" aria-controls=\"elementor-tab-content-1663\" aria-expanded=\"false\">V\u00ebzhguesit<\/div>\n\t\t\t\t\t\t\t<\/div>\n\t\t\t<div class=\"elementor-tabs-content-wrapper\" role=\"tablist\" aria-orientation=\"vertical\">\n\t\t\t\t\t\t\t\t\t<div class=\"elementor-tab-title elementor-tab-mobile-title\" aria-selected=\"true\" data-tab=\"1\" role=\"tab\" tabindex=\"0\" aria-controls=\"elementor-tab-content-1661\" aria-expanded=\"false\"><\/div>\n\t\t\t\t\t<div id=\"elementor-tab-content-1661\" class=\"elementor-tab-content elementor-clearfix\" data-tab=\"1\" role=\"tabpanel\" aria-labelledby=\"elementor-tab-title-1661\" tabindex=\"0\" hidden=\"false\"><\/div>\n\t\t\t\t\t\t\t\t\t<div class=\"elementor-tab-title elementor-tab-mobile-title\" aria-selected=\"false\" data-tab=\"2\" role=\"tab\" tabindex=\"-1\" aria-controls=\"elementor-tab-content-1662\" aria-expanded=\"false\">Gjyqtaret<\/div>\n\t\t\t\t\t<div id=\"elementor-tab-content-1662\" class=\"elementor-tab-content elementor-clearfix\" data-tab=\"2\" role=\"tabpanel\" aria-labelledby=\"elementor-tab-title-1662\" tabindex=\"0\" hidden=\"hidden\">\n<table id=\"tablepress-5\" class=\"tablepress tablepress-id-5\">\n<thead>\n<tr class=\"row-1\">\n\t<th class=\"column-1\">Nr.<\/th><th class=\"column-2\">Emri<\/th><th class=\"column-3\">Mbiemri<\/th><th class=\"column-4\">Gjinia<\/th><th class=\"column-5\">Kategoria<\/th>\n<\/tr>\n<\/thead>\n<tbody class=\"row-striping row-hover\">\n<tr class=\"row-2\">\n\t<td class=\"column-1\">1<\/td><td class=\"column-2\">Edison<\/td><td class=\"column-3\">Gjoni<\/td><td class=\"column-4\">M<\/td><td class=\"column-5\">Nd\u00ebrkomb\u00ebtar<\/td>\n<\/tr>\n<tr class=\"row-3\">\n\t<td class=\"column-1\">2<\/td><td class=\"column-2\">Gilbert <\/td><td class=\"column-3\">Hoxha<\/td><td class=\"column-4\">M<\/td><td class=\"column-5\">Nd\u00ebrkomb\u00ebtar<\/td>\n<\/tr>\n<tr class=\"row-4\">\n\t<td class=\"column-1\">3<\/td><td class=\"column-2\">Fatjon<\/td><td class=\"column-3\">Malevi<\/td><td class=\"column-4\">M<\/td><td class=\"column-5\">Nd\u00ebrkomb\u00ebtar<\/td>\n<\/tr>\n<tr class=\"row-5\">\n\t<td class=\"column-1\">4<\/td><td class=\"column-2\">Ani<\/td><td class=\"column-3\">Balliu<\/td><td class=\"column-4\">M<\/td><td class=\"column-5\">Nd\u00ebrkomb\u00ebtar<\/td>\n<\/tr>\n<tr class=\"row-6\">\n\t<td class=\"column-1\">Gjyqtar Komb\u00ebtar\u00eb<\/td><td class=\"column-2\"><\/td><td class=\"column-3\"><\/td><td class=\"column-4\"><\/td><td class=\"column-5\"><\/td>\n<\/tr>\n<tr class=\"row-7\">\n\t<td class=\"column-1\">Nr.<\/td><td class=\"column-2\">Emri<\/td><td class=\"column-3\">Mbiemri<\/td><td class=\"column-4\">Gjinia<\/td><td class=\"column-5\">Kategoria<\/td>\n<\/tr>\n<tr class=\"row-8\">\n\t<td class=\"column-1\">1<\/td><td class=\"column-2\">Albi<\/td><td class=\"column-3\">Gjonaj<\/td><td class=\"column-4\">M<\/td><td class=\"column-5\">Komb\u00ebtar<\/td>\n<\/tr>\n<tr class=\"row-9\">\n\t<td class=\"column-1\">2<\/td><td class=\"column-2\">Alfjo<\/td><td class=\"column-3\">Tahiri<\/td><td class=\"column-4\">M<\/td><td class=\"column-5\">Komb\u00ebtar<\/td>\n<\/tr>\n<tr class=\"row-10\">\n\t<td class=\"column-1\">3<\/td><td class=\"column-2\">Anesti<\/td><td class=\"column-3\">Kostani<\/td><td class=\"column-4\">M<\/td><td class=\"column-5\">Komb\u00ebtar<\/td>\n<\/tr>\n<tr class=\"row-11\">\n\t<td class=\"column-1\">4<\/td><td class=\"column-2\">Ardi<\/td><td class=\"column-3\">Ndoj<\/td><td class=\"column-4\">M<\/td><td class=\"column-5\">Komb\u00ebtar<\/td>\n<\/tr>\n<tr class=\"row-12\">\n\t<td class=\"column-1\">5<\/td><td class=\"column-2\">Berlin<\/td><td class=\"column-3\">Xhilaga<\/td><td class=\"column-4\">M<\/td><td class=\"column-5\">Komb\u00ebtar<\/td>\n<\/tr>\n<tr class=\"row-13\">\n\t<td class=\"column-1\">6<\/td><td class=\"column-2\">Dea<\/td><td class=\"column-3\">Hushi<\/td><td class=\"column-4\">F<\/td><td class=\"column-5\">Komb\u00ebtar<\/td>\n<\/tr>\n<tr class=\"row-14\">\n\t<td class=\"column-1\">7<\/td><td class=\"column-2\">Desar<\/td><td class=\"column-3\">Hoxha<\/td><td class=\"column-4\">M<\/td><td class=\"column-5\">Komb\u00ebtar<\/td>\n<\/tr>\n<tr class=\"row-15\">\n\t<td class=\"column-1\">8<\/td><td class=\"column-2\">Esat<\/td><td class=\"column-3\">\u00c7ejku<\/td><td class=\"column-4\">M<\/td><td class=\"column-5\">Komb\u00ebtar<\/td>\n<\/tr>\n<tr class=\"row-16\">\n\t<td class=\"column-1\">9<\/td><td class=\"column-2\">Hans<\/td><td class=\"column-3\">Trajer<\/td><td class=\"column-4\">M<\/td><td class=\"column-5\">Komb\u00ebtar<\/td>\n<\/tr>\n<tr class=\"row-17\">\n\t<td class=\"column-1\">10<\/td><td class=\"column-2\">Kalt\u00ebr<\/td><td class=\"column-3\">Fortuzi<\/td><td class=\"column-4\">M<\/td><td class=\"column-5\">Komb\u00ebtar<\/td>\n<\/tr>\n<tr class=\"row-18\">\n\t<td class=\"column-1\">11<\/td><td class=\"column-2\">Kristo<\/td><td class=\"column-3\">Bllazhde<\/td><td class=\"column-4\">M<\/td><td class=\"column-5\">Komb\u00ebtar<\/td>\n<\/tr>\n<tr class=\"row-19\">\n\t<td class=\"column-1\">12<\/td><td class=\"column-2\">Rajen<\/td><td class=\"column-3\">Elezaj<\/td><td class=\"column-4\">M<\/td><td class=\"column-5\">Komb\u00ebtar<\/td>\n<\/tr>\n<tr class=\"row-20\">\n\t<td class=\"column-1\">13<\/td><td class=\"column-2\">Serxho<\/td><td class=\"column-3\">Gjoni<\/td><td class=\"column-4\">M<\/td><td class=\"column-5\">Komb\u00ebtar<\/td>\n<\/tr>\n<tr class=\"row-21\">\n\t<td class=\"column-1\">14<\/td><td class=\"column-2\">Serxho<\/td><td class=\"column-3\">Ndreu<\/td><td class=\"column-4\">M<\/td><td class=\"column-5\">Komb\u00ebtar<\/td>\n<\/tr>\n<tr class=\"row-22\">\n\t<td class=\"column-1\">15<\/td><td class=\"column-2\">Treivis<\/td><td class=\"column-3\">Nano<\/td><td class=\"column-4\">M<\/td><td class=\"column-5\">Komb\u00ebtar<\/td>\n<\/tr>\n<tr class=\"row-23\">\n\t<td class=\"column-1\">16<\/td><td class=\"column-2\">Vjoresin<\/td><td class=\"column-3\">Ndreu<\/td><td class=\"column-4\">M<\/td><td class=\"column-5\">Komb\u00ebtar<\/td>\n<\/tr>\n<tr class=\"row-24\">\n\t<td class=\"column-1\">17<\/td><td class=\"column-2\">Ean<\/td><td class=\"column-3\">Kasaj<\/td><td class=\"column-4\">M<\/td><td class=\"column-5\">Komb\u00ebtar<\/td>\n<\/tr>\n<tr class=\"row-25\">\n\t<td class=\"column-1\">18<\/td><td class=\"column-2\">Livia<\/td><td class=\"column-3\">\u00c7eta<\/td><td class=\"column-4\">F<\/td><td class=\"column-5\">Komb\u00ebtar<\/td>\n<\/tr>\n<tr class=\"row-26\">\n\t<td class=\"column-1\">19<\/td><td class=\"column-2\">Sea<\/td><td class=\"column-3\">Jonuzaj<\/td><td class=\"column-4\">F<\/td><td class=\"column-5\">Komb\u00ebtar<\/td>\n<\/tr>\n<tr class=\"row-27\">\n\t<td class=\"column-1\">20<\/td><td class=\"column-2\">Ridjon<\/td><td class=\"column-3\">Merdani<\/td><td class=\"column-4\">M<\/td><td class=\"column-5\">Komb\u00ebtar<\/td>\n<\/tr>\n<tr class=\"row-28\">\n\t<td class=\"column-1\">21<\/td><td class=\"column-2\">Aleks<\/td><td class=\"column-3\">Musabelliu<\/td><td class=\"column-4\">M<\/td><td class=\"column-5\">Komb\u00ebtar<\/td>\n<\/tr>\n<tr class=\"row-29\">\n\t<td class=\"column-1\">22<\/td><td class=\"column-2\">Kristi <\/td><td class=\"column-3\">Musabelliu<\/td><td class=\"column-4\">M<\/td><td class=\"column-5\">Komb\u00ebtar<\/td>\n<\/tr>\n<tr class=\"row-30\">\n\t<td class=\"column-1\">23<\/td><td class=\"column-2\">Alen<\/td><td class=\"column-3\">Asllanaj<\/td><td class=\"column-4\">M<\/td><td class=\"column-5\">Komb\u00ebtar<\/td>\n<\/tr>\n<tr class=\"row-31\">\n\t<td class=\"column-1\">24<\/td><td class=\"column-2\">Mishel<\/td><td class=\"column-3\">Troka<\/td><td class=\"column-4\">M<\/td><td class=\"column-5\">Komb\u00ebtar<\/td>\n<\/tr>\n<tr class=\"row-32\">\n\t<td class=\"column-1\">V\u00ebzhgues<\/td><td class=\"column-2\"><\/td><td class=\"column-3\"><\/td><td class=\"column-4\"><\/td><td class=\"column-5\"><\/td>\n<\/tr>\n<tr class=\"row-33\">\n\t<td class=\"column-1\">Nr.<\/td><td class=\"column-2\">Emri<\/td><td class=\"column-3\">Mbiemri<\/td><td class=\"column-4\">Gjinia<\/td><td class=\"column-5\">Komb\u00ebtar<\/td>\n<\/tr>\n<tr class=\"row-34\">\n\t<td class=\"column-1\">1<\/td><td class=\"column-2\">Arben<\/td><td class=\"column-3\">Kasmi<\/td><td class=\"column-4\">M<\/td><td class=\"column-5\">Komb\u00ebtar<\/td>\n<\/tr>\n<tr class=\"row-35\">\n\t<td class=\"column-1\">2<\/td><td class=\"column-2\">Salvator<\/td><td class=\"column-3\">Kurti<\/td><td class=\"column-4\">M<\/td><td class=\"column-5\">Komb\u00ebtar<\/td>\n<\/tr>\n<tr class=\"row-36\">\n\t<td class=\"column-1\">3<\/td><td class=\"column-2\">Ylli<\/td><td class=\"column-3\">Harasani<\/td><td class=\"column-4\">M<\/td><td class=\"column-5\">Komb\u00ebtar<\/td>\n<\/tr>\n<tr class=\"row-37\">\n\t<td class=\"column-1\">4<\/td><td class=\"column-2\">Migena<\/td><td class=\"column-3\">Plasa<\/td><td class=\"column-4\">F<\/td><td class=\"column-5\">Komb\u00ebtar<\/td>\n<\/tr>\n<tr class=\"row-38\">\n\t<td class=\"column-1\">5<\/td><td class=\"column-2\">Artan<\/td><td class=\"column-3\">Terihati<\/td><td class=\"column-4\">M<\/td><td class=\"column-5\">Komb\u00ebtar<\/td>\n<\/tr>\n<tr class=\"row-39\">\n\t<td class=\"column-1\">6<\/td><td class=\"column-2\">Ilia<\/td><td class=\"column-3\">Kuro<\/td><td class=\"column-4\">M<\/td><td class=\"column-5\">Komb\u00ebtar<\/td>\n<\/tr>\n<tr class=\"row-40\">\n\t<td class=\"column-1\">7<\/td><td class=\"column-2\">Pandush<\/td><td class=\"column-3\">Palko<\/td><td class=\"column-4\">M<\/td><td class=\"column-5\">Komb\u00ebtar<\/td>\n<\/tr>\n<tr class=\"row-41\">\n\t<td class=\"column-1\">8<\/td><td class=\"column-2\">Pjerin<\/td><td class=\"column-3\">Bushati<\/td><td class=\"column-4\">M<\/td><td class=\"column-5\">Komb\u00ebtar<\/td>\n<\/tr>\n<tr class=\"row-42\">\n\t<td class=\"column-1\">9<\/td><td class=\"column-2\">Adrian<\/td><td class=\"column-3\">Dyl\u00e7e<\/td><td class=\"column-4\">M<\/td><td class=\"column-5\">Komb\u00ebtar<\/td>\n<\/tr>\n<tr class=\"row-43\">\n\t<td class=\"column-1\"><\/td><td class=\"column-2\"><\/td><td class=\"column-3\"><\/td><td class=\"column-4\"><\/td><td class=\"column-5\"><\/td>\n<\/tr>\n<\/tbody>\n<\/table>\n<!-- #tablepress-5 from cache --><\/div>\n\t\t\t\t\t\t\t\t\t<div class=\"elementor-tab-title elementor-tab-mobile-title\" aria-selected=\"false\" data-tab=\"3\" role=\"tab\" tabindex=\"-1\" aria-controls=\"elementor-tab-content-1663\" aria-expanded=\"false\">V\u00ebzhguesit<\/div>\n\t\t\t\t\t<div id=\"elementor-tab-content-1663\" class=\"elementor-tab-content elementor-clearfix\" data-tab=\"3\" role=\"tabpanel\" aria-labelledby=\"elementor-tab-title-1663\" tabindex=\"0\" hidden=\"hidden\">\n<table id=\"tablepress-6\" class=\"tablepress tablepress-id-6\">\n<thead>\n<tr class=\"row-1\">\n\t<th class=\"column-1\">Nr.<\/th><th class=\"column-2\">Emri<\/th><th class=\"column-3\">Mbiemri<\/th><th class=\"column-4\">Gjinia<\/th>\n<\/tr>\n<\/thead>\n<tbody class=\"row-striping row-hover\">\n<tr class=\"row-2\">\n\t<td class=\"column-1\">1<\/td><td class=\"column-2\">Edera<\/td><td class=\"column-3\">Alibegaj<\/td><td class=\"column-4\">F<\/td>\n<\/tr>\n<tr class=\"row-3\">\n\t<td class=\"column-1\">2<\/td><td class=\"column-2\">Migena<\/td><td class=\"column-3\">Plasa<\/td><td class=\"column-4\">F<\/td>\n<\/tr>\n<tr class=\"row-4\">\n\t<td class=\"column-1\">3<\/td><td class=\"column-2\">Arben<\/td><td class=\"column-3\">Kasmi<\/td><td class=\"column-4\">M<\/td>\n<\/tr>\n<tr class=\"row-5\">\n\t<td class=\"column-1\">4<\/td><td class=\"column-2\">Artan<\/td><td class=\"column-3\">Terihati<\/td><td class=\"column-4\">M<\/td>\n<\/tr>\n<tr class=\"row-6\">\n\t<td class=\"column-1\">5<\/td><td class=\"column-2\">Adrian<\/td><td class=\"column-3\">Dyl\u00e7e<\/td><td class=\"column-4\">M<\/td>\n<\/tr>\n<tr class=\"row-7\">\n\t<td class=\"column-1\">6<\/td><td class=\"column-2\">Ilia<\/td><td class=\"column-3\">Kuro<\/td><td class=\"column-4\">M<\/td>\n<\/tr>\n<tr class=\"row-8\">\n\t<td class=\"column-1\">7<\/td><td class=\"column-2\">Pandush<\/td><td class=\"column-3\">Palko<\/td><td class=\"column-4\">M<\/td>\n<\/tr>\n<tr class=\"row-9\">\n\t<td class=\"column-1\">8<\/td><td class=\"column-2\">Pjerin<\/td><td class=\"column-3\">Bushati<\/td><td class=\"column-4\">M<\/td>\n<\/tr>\n<tr class=\"row-10\">\n\t<td class=\"column-1\">9<\/td><td class=\"column-2\">Salvador<\/td><td class=\"column-3\">Kurti<\/td><td class=\"column-4\">M<\/td>\n<\/tr>\n<tr class=\"row-11\">\n\t<td class=\"column-1\">10<\/td><td class=\"column-2\">Sokol<\/td><td class=\"column-3\">Zavalani<\/td><td class=\"column-4\">M<\/td>\n<\/tr>\n<tr class=\"row-12\">\n\t<td class=\"column-1\">11<\/td><td class=\"column-2\">Ylli<\/td><td class=\"column-3\">Harasani<\/td><td class=\"column-4\">M<\/td>\n<\/tr>\n<\/tbody>\n<\/table>\n<!-- #tablepress-6 from cache --><\/div>\n\t\t\t\t\t\t\t<\/div>\n\t\t<\/div>\n\t\t\t\t\t\t<\/div>\n\t\t\t\t<\/div>\n\t\t\t\t\t<\/div>\n\t\t\t\t<\/div>\n\t\t\t\t<\/div>\n\t\t","protected":false},"excerpt":{"rendered":"<p>Gjyqtaret V\u00ebzhguesit Gjyqtaret Edit Nr. Emri Mbiemri Gjinia Kategoria 1 Ervin Ko\u00e7i M Nd\u00ebrkomb\u00ebtar 2 Gilbert Hoxha M Nd\u00ebrkomb\u00ebtar 3 [&hellip;]<\/p>\n","protected":false},"author":1,"featured_media":0,"parent":0,"menu_order":0,"comment_status":"closed","ping_status":"closed","template":"","meta":{"footnotes":""},"class_list":["post-199","page","type-page","status-publish","hentry"],"_links":{"self":[{"href":"https:\/\/fshb.basketball\/index.php\/wp-json\/wp\/v2\/pages\/199","targetHints":{"allow":["GET"]}}],"collection":[{"href":"https:\/\/fshb.basketball\/index.php\/wp-json\/wp\/v2\/pages"}],"about":[{"href":"https:\/\/fshb.basketball\/index.php\/wp-json\/wp\/v2\/types\/page"}],"author":[{"embeddable":true,"href":"https:\/\/fshb.basketball\/index.php\/wp-json\/wp\/v2\/users\/1"}],"replies":[{"embeddable":true,"href":"https:\/\/fshb.basketball\/index.php\/wp-json\/wp\/v2\/comments?post=199"}],"version-history":[{"count":8,"href":"https:\/\/fshb.basketball\/index.php\/wp-json\/wp\/v2\/pages\/199\/revisions"}],"predecessor-version":[{"id":3010,"href":"https:\/\/fshb.basketball\/index.php\/wp-json\/wp\/v2\/pages\/199\/revisions\/3010"}],"wp:attachment":[{"href":"https:\/\/fshb.basketball\/index.php\/wp-json\/wp\/v2\/media?parent=199"}],"curies":[{"name":"wp","href":"https:\/\/api.w.org\/{rel}","templated":true}]}}