{"id":1660,"date":"2024-11-21T08:53:22","date_gmt":"2024-11-21T08:53:22","guid":{"rendered":"https:\/\/fshb.basketball\/?page_id=1660"},"modified":"2026-03-04T15:01:08","modified_gmt":"2026-03-04T15:01:08","slug":"u20-djem","status":"publish","type":"page","link":"https:\/\/fshb.basketball\/index.php\/u20-djem\/","title":{"rendered":"U20 Djem"},"content":{"rendered":"<p><a href=\"https:\/\/fshb.basketball\/wp-content\/uploads\/2026\/02\/APOLONIA-Lista-e-lojtareve-2025-26-Kampionati-Kombetar-U20-Djem-31.01.2026.pdf\">APOLONIA Lista e lojtar\u00ebve 2025-26 Kampionati Komb\u00ebtar U20 Djem 31.01.2026<\/a><\/p>\n<p><a href=\"https:\/\/fshb.basketball\/wp-content\/uploads\/2025\/11\/BESELIDHJA-Lista-e-lojtareve-2025-26-Kampionati-Kombetar-U20-Djem.pdf\">BES\u00cbLIDHJA Lista e lojtar\u00ebve 2025-26 Kampionati Komb\u00ebtar U20 Djem<\/a><\/p>\n<p><a href=\"https:\/\/fshb.basketball\/wp-content\/uploads\/2025\/11\/ELBASANI-Lista-e-lojtareve-2025-26-Kampionati-Kombetar-U20-Djem.pdf\">ELBASANI Lista e lojtar\u00ebve 2025-26 Kampionati Komb\u00ebtar U20 Djem<\/a><\/p>\n<p><a href=\"https:\/\/fshb.basketball\/wp-content\/uploads\/2026\/03\/PARTIZANI-Lista-e-lojtareve-2025-26-Kampionati-Kombetar-U20-Djem-02.03.2026.pdf\">PARTIZANI Lista e lojtar\u00ebve 2025-26 Kampionati Komb\u00ebtar U20 Djem 02.03.2026<\/a><\/p>\n","protected":false},"excerpt":{"rendered":"<p>APOLONIA Lista e lojtar\u00ebve 2025-26 Kampionati Komb\u00ebtar U20 Djem 31.01.2026 BES\u00cbLIDHJA Lista e lojtar\u00ebve 2025-26 Kampionati Komb\u00ebtar U20 Djem ELBASANI [&hellip;]<\/p>\n","protected":false},"author":1,"featured_media":0,"parent":0,"menu_order":0,"comment_status":"closed","ping_status":"closed","template":"","meta":{"footnotes":""},"class_list":["post-1660","page","type-page","status-publish","hentry"],"_links":{"self":[{"href":"https:\/\/fshb.basketball\/index.php\/wp-json\/wp\/v2\/pages\/1660","targetHints":{"allow":["GET"]}}],"collection":[{"href":"https:\/\/fshb.basketball\/index.php\/wp-json\/wp\/v2\/pages"}],"about":[{"href":"https:\/\/fshb.basketball\/index.php\/wp-json\/wp\/v2\/types\/page"}],"author":[{"embeddable":true,"href":"https:\/\/fshb.basketball\/index.php\/wp-json\/wp\/v2\/users\/1"}],"replies":[{"embeddable":true,"href":"https:\/\/fshb.basketball\/index.php\/wp-json\/wp\/v2\/comments?post=1660"}],"version-history":[{"count":21,"href":"https:\/\/fshb.basketball\/index.php\/wp-json\/wp\/v2\/pages\/1660\/revisions"}],"predecessor-version":[{"id":2818,"href":"https:\/\/fshb.basketball\/index.php\/wp-json\/wp\/v2\/pages\/1660\/revisions\/2818"}],"wp:attachment":[{"href":"https:\/\/fshb.basketball\/index.php\/wp-json\/wp\/v2\/media?parent=1660"}],"curies":[{"name":"wp","href":"https:\/\/api.w.org\/{rel}","templated":true}]}}