{"id":136,"date":"2024-03-26T12:59:54","date_gmt":"2024-03-26T12:59:54","guid":{"rendered":"https:\/\/fshb.basketball\/?page_id=136"},"modified":"2026-02-06T10:05:56","modified_gmt":"2026-02-06T10:05:56","slug":"administrata","status":"publish","type":"page","link":"https:\/\/fshb.basketball\/index.php\/administrata\/","title":{"rendered":"Administrata"},"content":{"rendered":"\t\t<div data-elementor-type=\"wp-page\" data-elementor-id=\"136\" class=\"elementor elementor-136\">\n\t\t\t\t<div class=\"elementor-element elementor-element-5245d75 e-grid e-con-boxed e-con e-parent\" data-id=\"5245d75\" data-element_type=\"container\">\n\t\t\t\t\t<div class=\"e-con-inner\">\n\t\t\t\t<div class=\"elementor-element elementor-element-9cb920f elementor-widget elementor-widget-image\" data-id=\"9cb920f\" data-element_type=\"widget\" data-widget_type=\"image.default\">\n\t\t\t\t<div class=\"elementor-widget-container\">\n\t\t\t\t\t\t\t\t\t\t\t\t<figure class=\"wp-caption\">\n\t\t\t\t\t\t\t\t\t\t<img fetchpriority=\"high\" decoding=\"async\" width=\"680\" height=\"951\" src=\"https:\/\/fshb.basketball\/wp-content\/uploads\/2025\/10\/Ersi-Oruci-1-732x1024.jpg\" class=\"attachment-large size-large wp-image-2338\" alt=\"\" srcset=\"https:\/\/fshb.basketball\/wp-content\/uploads\/2025\/10\/Ersi-Oruci-1-732x1024.jpg 732w, https:\/\/fshb.basketball\/wp-content\/uploads\/2025\/10\/Ersi-Oruci-1-215x300.jpg 215w, https:\/\/fshb.basketball\/wp-content\/uploads\/2025\/10\/Ersi-Oruci-1-768x1074.jpg 768w, https:\/\/fshb.basketball\/wp-content\/uploads\/2025\/10\/Ersi-Oruci-1.jpg 864w\" sizes=\"(max-width: 680px) 100vw, 680px\" \/>\t\t\t\t\t\t\t\t\t\t\t<figcaption class=\"widget-image-caption wp-caption-text\">ERSI ORU\u00c7I <br>Sekretar i P\u00ebrgjithsh\u00ebm<\/figcaption>\n\t\t\t\t\t\t\t\t\t\t<\/figure>\n\t\t\t\t\t\t\t\t\t<\/div>\n\t\t\t\t<\/div>\n\t\t\t\t\t<\/div>\n\t\t\t\t<\/div>\n\t\t<div class=\"elementor-element elementor-element-c497457 e-grid e-con-boxed e-con e-parent\" data-id=\"c497457\" data-element_type=\"container\">\n\t\t\t\t\t<div class=\"e-con-inner\">\n\t\t\t\t<div class=\"elementor-element elementor-element-fe0c2b7 elementor-widget elementor-widget-image\" data-id=\"fe0c2b7\" data-element_type=\"widget\" data-widget_type=\"image.default\">\n\t\t\t\t<div class=\"elementor-widget-container\">\n\t\t\t\t\t\t\t\t\t\t\t\t\t\t\t<img decoding=\"async\" width=\"401\" height=\"601\" src=\"https:\/\/fshb.basketball\/wp-content\/uploads\/2024\/04\/Artboard-1-copy-130.png\" class=\"attachment-large size-large wp-image-617\" alt=\"\" srcset=\"https:\/\/fshb.basketball\/wp-content\/uploads\/2024\/04\/Artboard-1-copy-130.png 401w, https:\/\/fshb.basketball\/wp-content\/uploads\/2024\/04\/Artboard-1-copy-130-200x300.png 200w\" sizes=\"(max-width: 401px) 100vw, 401px\" \/>\t\t\t\t\t\t\t\t\t\t\t\t\t\t\t<\/div>\n\t\t\t\t<\/div>\n\t\t\t\t<div class=\"elementor-element elementor-element-af5b3b8 elementor-widget elementor-widget-image\" data-id=\"af5b3b8\" data-element_type=\"widget\" data-widget_type=\"image.default\">\n\t\t\t\t<div class=\"elementor-widget-container\">\n\t\t\t\t\t\t\t\t\t\t\t\t\t\t\t<img decoding=\"async\" width=\"401\" height=\"601\" src=\"https:\/\/fshb.basketball\/wp-content\/uploads\/2024\/04\/Artboard-1-copy-140.png\" class=\"attachment-large size-large wp-image-618\" alt=\"\" srcset=\"https:\/\/fshb.basketball\/wp-content\/uploads\/2024\/04\/Artboard-1-copy-140.png 401w, https:\/\/fshb.basketball\/wp-content\/uploads\/2024\/04\/Artboard-1-copy-140-200x300.png 200w\" sizes=\"(max-width: 401px) 100vw, 401px\" \/>\t\t\t\t\t\t\t\t\t\t\t\t\t\t\t<\/div>\n\t\t\t\t<\/div>\n\t\t\t\t\t<\/div>\n\t\t\t\t<\/div>\n\t\t<div class=\"elementor-element elementor-element-bc0131c e-grid e-con-boxed e-con e-parent\" data-id=\"bc0131c\" data-element_type=\"container\">\n\t\t\t\t\t<div class=\"e-con-inner\">\n\t\t\t\t<div class=\"elementor-element elementor-element-701d3fd elementor-widget elementor-widget-image\" data-id=\"701d3fd\" data-element_type=\"widget\" data-widget_type=\"image.default\">\n\t\t\t\t<div class=\"elementor-widget-container\">\n\t\t\t\t\t\t\t\t\t\t\t\t\t\t\t<img loading=\"lazy\" decoding=\"async\" width=\"401\" height=\"601\" src=\"https:\/\/fshb.basketball\/wp-content\/uploads\/2024\/04\/Artboard-1-copy-160.png\" class=\"attachment-large size-large wp-image-620\" alt=\"\" srcset=\"https:\/\/fshb.basketball\/wp-content\/uploads\/2024\/04\/Artboard-1-copy-160.png 401w, https:\/\/fshb.basketball\/wp-content\/uploads\/2024\/04\/Artboard-1-copy-160-200x300.png 200w\" sizes=\"(max-width: 401px) 100vw, 401px\" \/>\t\t\t\t\t\t\t\t\t\t\t\t\t\t\t<\/div>\n\t\t\t\t<\/div>\n\t\t\t\t<div class=\"elementor-element elementor-element-9eff3ca elementor-widget elementor-widget-image\" data-id=\"9eff3ca\" data-element_type=\"widget\" data-widget_type=\"image.default\">\n\t\t\t\t<div class=\"elementor-widget-container\">\n\t\t\t\t\t\t\t\t\t\t\t\t\t\t\t<img loading=\"lazy\" decoding=\"async\" width=\"401\" height=\"601\" src=\"https:\/\/fshb.basketball\/wp-content\/uploads\/2024\/04\/Artboard-1-copy-150.png\" class=\"attachment-large size-large wp-image-619\" alt=\"\" srcset=\"https:\/\/fshb.basketball\/wp-content\/uploads\/2024\/04\/Artboard-1-copy-150.png 401w, https:\/\/fshb.basketball\/wp-content\/uploads\/2024\/04\/Artboard-1-copy-150-200x300.png 200w\" sizes=\"(max-width: 401px) 100vw, 401px\" \/>\t\t\t\t\t\t\t\t\t\t\t\t\t\t\t<\/div>\n\t\t\t\t<\/div>\n\t\t\t\t<div class=\"elementor-element elementor-element-1140dcd elementor-widget elementor-widget-image\" data-id=\"1140dcd\" data-element_type=\"widget\" data-widget_type=\"image.default\">\n\t\t\t\t<div class=\"elementor-widget-container\">\n\t\t\t\t\t\t\t\t\t\t\t\t<figure class=\"wp-caption\">\n\t\t\t\t\t\t\t\t\t\t<img loading=\"lazy\" decoding=\"async\" width=\"486\" height=\"685\" src=\"https:\/\/fshb.basketball\/wp-content\/uploads\/2026\/02\/Ajla-Gozhdari.jpg\" class=\"attachment-large size-large wp-image-2760\" alt=\"\" srcset=\"https:\/\/fshb.basketball\/wp-content\/uploads\/2026\/02\/Ajla-Gozhdari.jpg 486w, https:\/\/fshb.basketball\/wp-content\/uploads\/2026\/02\/Ajla-Gozhdari-213x300.jpg 213w\" sizes=\"(max-width: 486px) 100vw, 486px\" \/>\t\t\t\t\t\t\t\t\t\t\t<figcaption class=\"widget-image-caption wp-caption-text\">AJLA GOZHDARI <br>Drejtore e Projekteve<\/figcaption>\n\t\t\t\t\t\t\t\t\t\t<\/figure>\n\t\t\t\t\t\t\t\t\t<\/div>\n\t\t\t\t<\/div>\n\t\t\t\t<div class=\"elementor-element elementor-element-232a4f9 elementor-widget elementor-widget-image\" data-id=\"232a4f9\" data-element_type=\"widget\" data-widget_type=\"image.default\">\n\t\t\t\t<div class=\"elementor-widget-container\">\n\t\t\t\t\t\t\t\t\t\t\t\t<figure class=\"wp-caption\">\n\t\t\t\t\t\t\t\t\t\t<img loading=\"lazy\" decoding=\"async\" width=\"429\" height=\"600\" src=\"https:\/\/fshb.basketball\/wp-content\/uploads\/2026\/02\/Bleri.jpg.jpeg\" class=\"attachment-large size-large wp-image-2761\" alt=\"\" srcset=\"https:\/\/fshb.basketball\/wp-content\/uploads\/2026\/02\/Bleri.jpg.jpeg 429w, https:\/\/fshb.basketball\/wp-content\/uploads\/2026\/02\/Bleri.jpg-215x300.jpeg 215w\" sizes=\"(max-width: 429px) 100vw, 429px\" \/>\t\t\t\t\t\t\t\t\t\t\t<figcaption class=\"widget-image-caption wp-caption-text\">DYLBER CAUSHAJ <br>Marketing<\/figcaption>\n\t\t\t\t\t\t\t\t\t\t<\/figure>\n\t\t\t\t\t\t\t\t\t<\/div>\n\t\t\t\t<\/div>\n\t\t\t\t\t<\/div>\n\t\t\t\t<\/div>\n\t\t\t\t<\/div>\n\t\t","protected":false},"excerpt":{"rendered":"<p>ERSI ORU\u00c7I Sekretar i P\u00ebrgjithsh\u00ebm AJLA GOZHDARI Drejtore e Projekteve DYLBER CAUSHAJ Marketing<\/p>\n","protected":false},"author":1,"featured_media":0,"parent":0,"menu_order":0,"comment_status":"closed","ping_status":"closed","template":"","meta":{"footnotes":""},"class_list":["post-136","page","type-page","status-publish","hentry"],"_links":{"self":[{"href":"https:\/\/fshb.basketball\/index.php\/wp-json\/wp\/v2\/pages\/136","targetHints":{"allow":["GET"]}}],"collection":[{"href":"https:\/\/fshb.basketball\/index.php\/wp-json\/wp\/v2\/pages"}],"about":[{"href":"https:\/\/fshb.basketball\/index.php\/wp-json\/wp\/v2\/types\/page"}],"author":[{"embeddable":true,"href":"https:\/\/fshb.basketball\/index.php\/wp-json\/wp\/v2\/users\/1"}],"replies":[{"embeddable":true,"href":"https:\/\/fshb.basketball\/index.php\/wp-json\/wp\/v2\/comments?post=136"}],"version-history":[{"count":10,"href":"https:\/\/fshb.basketball\/index.php\/wp-json\/wp\/v2\/pages\/136\/revisions"}],"predecessor-version":[{"id":2764,"href":"https:\/\/fshb.basketball\/index.php\/wp-json\/wp\/v2\/pages\/136\/revisions\/2764"}],"wp:attachment":[{"href":"https:\/\/fshb.basketball\/index.php\/wp-json\/wp\/v2\/media?parent=136"}],"curies":[{"name":"wp","href":"https:\/\/api.w.org\/{rel}","templated":true}]}}