{"id":133,"date":"2024-03-26T12:59:33","date_gmt":"2024-03-26T12:59:33","guid":{"rendered":"https:\/\/fshb.basketball\/?page_id=133"},"modified":"2024-04-05T07:58:01","modified_gmt":"2024-04-05T07:58:01","slug":"presidenti","status":"publish","type":"page","link":"https:\/\/fshb.basketball\/index.php\/presidenti\/","title":{"rendered":"Presidenti"},"content":{"rendered":"<p><img fetchpriority=\"high\" decoding=\"async\" class=\"size-medium wp-image-255 aligncenter\" src=\"https:\/\/fshb.basketball\/wp-content\/uploads\/2024\/03\/Artboard-1-copy-110-2-200x300.png\" alt=\"\" width=\"200\" height=\"300\" srcset=\"https:\/\/fshb.basketball\/wp-content\/uploads\/2024\/03\/Artboard-1-copy-110-2-200x300.png 200w, https:\/\/fshb.basketball\/wp-content\/uploads\/2024\/03\/Artboard-1-copy-110-2.png 401w\" sizes=\"(max-width: 200px) 100vw, 200px\" \/><\/p>\n<p style=\"text-align: center;\">Avni Ponari (28 korrik 1957) prej vitit 2007 \u00ebsht\u00eb President i Federat\u00ebs Shqiptare t\u00eb Basketbollit, duke q\u00ebn\u00eb promotor i shum\u00eb aktiviteteve basketbollistike komb\u00ebtare (kampionatet p\u00ebr t\u00eb gjitha kategorit\u00eb), mbar\u00ebkomb\u00ebtare (Liga Unike), si dhe nd\u00ebrkomb\u00ebtare (P\u00ebrfaq\u00ebsimi i Shqip\u00ebris\u00eb me t\u00eb gjitha kategorit\u00eb, organizimi i eventeve ballkanike dhe europiane n\u00eb Shqip\u00ebri, etj).<\/p>\n<p style=\"text-align: center;\">Z. Ponari \u00ebsht\u00eb themelues dhe drejtor i p\u00ebrgjithsh\u00ebm i SIGAL UNIQA Group Austria sh.a, si edhe Kryetar i Bordit Menaxhues t\u00eb SIGAL UGA LIFE Kosov\u00eb; Kryetar i K\u00ebshillit Mbik\u00ebqyr\u00ebs t\u00eb SIGAL UGA Maqedonia e Veriut; dhe Kryetar i K\u00ebshillit Mbik\u00ebqyr\u00ebs t\u00eb SIGAL UGA LIFE Maqedonia e Veriut. Z. Ponari mban postin e Drejtorit t\u00eb P\u00ebrgjithsh\u00ebm t\u00eb SIGAL UNIQA Group Austria sh.a q\u00eb prej 22 shkurt 1999, sot \u00ebsht\u00eb kompania lider pararoj\u00eb e m\u00eb e suksesshme e tregut t\u00eb sigurimeve n\u00eb Shqip\u00ebri dhe n\u00eb Rajon. Z. Ponari \u00ebsht\u00eb nj\u00eb nd\u00ebr sip\u00ebrmarr\u00ebsit m\u00eb t\u00eb suksessh\u00ebm n\u00eb vend, sip\u00ebrmarrjet e t\u00eb cilit e kan\u00eb kthyer at\u00eb, jo vet\u00ebm n\u00eb nj\u00eb lider n\u00eb fush\u00ebn e biznesit, por dhe me ndikim pozitiv n\u00eb zhvillimet e jet\u00ebs ekonomike, sociale, dhe kulturore t\u00eb vendit, gjithashtu Drejtues dhe aksioner i 8 kompanive t\u00eb Grupit n\u00eb tregun e sigurimeve t\u00eb SIGAL UNIQA Group Austria n\u00eb rajonin e Ballkanit (Shqip\u00ebri, Kosov\u00eb dhe Maqedonin\u00eb e Veriut), si edhe t\u00eb nj\u00eb s\u00ebr\u00eb biznesesh t\u00eb tjera si kon\u00e7ensionar\u00eb makinash, fush\u00ebn e turzimit, dhe biznese financiare.<\/p>\n<p style=\"text-align: center;\">Edukimi<br \/>\nDiplomuar n\u00eb Marin\u00eb n\u00eb Universitetin e Vlor\u00ebs (1976-1980) dhe n\u00eb Fakultetin e Drejt\u00ebsis\u00eb n\u00eb Universitetin e Tiran\u00ebs (1995-2000). Z. Ponari ka marr\u00eb gjithashtu nj\u00eb s\u00ebr\u00eb kualifikimesh dhe trajnimesh t\u00eb ndryshme brenda dhe jasht\u00eb vendit p\u00ebr: \u2018Menaxhim\u2019 nga \u2018Kompania Anglezo-zvicerane e Tregut t\u00eb Sigurimeve t\u00eb Risigurimit\u2019 (q\u00eb prej 1995), n\u00eb Gjermani (2002-2003); \u2018Programin e Zhvillimit mbi Ligjin Tregtar\u2019, n\u00eb Rumani (2002); \u2018Sigurimin p\u00ebr Evrop\u00ebn Juglindore\u2019, n\u00eb Sh.B.A (2001); \u2018Menaxhimin e Kompanive t\u00eb Sigurimit\u2019, n\u00eb Zyrih (2001); \u2018Ligjin e Sigurimeve\u2019, nga \u2018Federata Franceze Arkivuar 6 qershor 2019 tek Wayback Machine e Kompanive t\u00eb Sigurimit\u2019 (2000); \u2018Siguracionet e P\u00ebrgjithshme\u2019, nga \u2018Marsh Inc.\u2019 (1999 &amp; 1996); \u2018Ligjin e Sigurimeve t\u00eb Marin\u00ebs\u2019, nga \u2018Universiteti Guildhall Lond\u00ebr\u2019, n\u00eb Mbret\u00ebrin\u00eb e Bashkuar (1998); \u2018Sigurimin dhe Praktik\u00ebn\u2019, nga \u2018Instituti i Akredituar i Sigurimeve\u2019 (1995); dhe \u2018Sigurimin e Marin\u00ebs\u2019, nga \u2018Sigurimet Oqeanike Turqi\u2019 (1994). Z. Ponari \u00ebsht\u00eb trajnuar n\u00eb kompanit\u00eb m\u00eb prestigjoze t\u00eb sigurimeve n\u00eb bot\u00eb si \u2018Lloyds Lond\u00ebr\u2019, n\u00eb Mbret\u00ebrin\u00eb e Bashkuar; \u2018Swiss Re Zvic\u00ebr\u2019, n\u00eb Zvic\u00ebr; \u2018Munich Re\u2019, n\u00eb Gjermani dhe nga \u2018Programi i Bank\u00ebs Bot\u00ebrore\u2019 t\u00eb drejtuar nga Departamenti i Shtetit, n\u00eb Nju Jork, Sh.B.A, n\u00eb vitin 2003.<\/p>\n<p style=\"text-align: center;\">An\u00ebtar\u00ebsia n\u00eb bordet profesionale<br \/>\nI shquar p\u00ebr kontributin e tij n\u00eb tregun e sigurimeve n\u00eb vend dhe n\u00eb rajonin e Ballkanit, Z. Ponari \u00ebsht\u00eb Kontribues, An\u00ebtar dhe Kryetar Bordi n\u00eb disa nga organizmat m\u00eb t\u00eb r\u00ebnd\u00ebsish\u00ebm n\u00eb tregun e sigurimeve, tregtis\u00eb dhe institucioneve financiare, t\u00eb tilla si: aktualisht ai \u00ebsht\u00eb \u2018Kryetar i Shoqat\u00ebs Shqiptare t\u00eb Sigurimit\u2019; \u2018An\u00ebtar Bordi\u2019 i \u2018Dhom\u00ebs Nd\u00ebrkomb\u00ebtare t\u00eb Tregtis\u00eb\u2019 (ICC); \u2018An\u00ebtar Bordi\u2019 i \u2018Dhom\u00ebs Amerikane t\u00eb Tregtis\u00eb n\u00eb Shqip\u00ebri\u2019 (2003-2018); \u2018An\u00ebtar Bordi\u2019 i \u2018Shoqat\u00ebs Shqiptare t\u00eb Investimeve t\u00eb Huaja\u2019 (FIAA) (q\u00eb nga viti 2013); \u2018An\u00ebtar\u2019 i \u2018Komitetit Evropian t\u00eb Financave i FIBA\u2019, n\u00eb Evrop\u00eb, pran\u00eb \u2018Federat\u00ebs Nd\u00ebrkomb\u00ebtare t\u00eb Basketbollit\u2019 (FIBA) 2013-2023); \u2018An\u00ebtar Bordi\u2019 i \u2018Agjensis\u00eb Shqiptare t\u00eb Zhvillimit t\u00eb Investimeve\u2019 (AIDA) (2012-2018); \u2018Kryetar\u2019 i \u2018K\u00ebshillit Administrativ t\u00eb Shoqat\u00ebs s\u00eb Byros\u00eb Shqiptare Arkivuar 28 maj 2019 tek Wayback Machine\u2019 (q\u00eb nga viti 2011); \u2018Konsull i P\u00ebrgjithsh\u00ebm Nderi i Japonis\u00eb n\u00eb Shqip\u00ebri\u2019 (q\u00eb nga viti 2009); \u2018President\u2019 i \u2018Federat\u00ebs Shqiptare t\u00eb Basketbollit\u2019 (q\u00eb nga viti 2007); \u2018An\u00ebtar\u2019 i \u2018Bordit K\u00ebshillimor t\u00eb Bank\u00ebs Komb\u00ebtare Tregtare\u2019 (2006-2014); \u2018Kryetar\u2019 i \u2018Shoqat\u00ebs s\u00eb Sigurimeve t\u00eb Marin\u00ebs\u2019 (q\u00eb nga viti 2001) me seli n\u00eb Nju Jork, n\u00eb Sh.B.A.<\/p>\n<p>&nbsp;<\/p>\n","protected":false},"excerpt":{"rendered":"<p>Avni Ponari (28 korrik 1957) prej vitit 2007 \u00ebsht\u00eb President i Federat\u00ebs Shqiptare t\u00eb Basketbollit, duke q\u00ebn\u00eb promotor i shum\u00eb [&hellip;]<\/p>\n","protected":false},"author":1,"featured_media":0,"parent":0,"menu_order":0,"comment_status":"closed","ping_status":"closed","template":"","meta":{"footnotes":""},"class_list":["post-133","page","type-page","status-publish","hentry"],"_links":{"self":[{"href":"https:\/\/fshb.basketball\/index.php\/wp-json\/wp\/v2\/pages\/133","targetHints":{"allow":["GET"]}}],"collection":[{"href":"https:\/\/fshb.basketball\/index.php\/wp-json\/wp\/v2\/pages"}],"about":[{"href":"https:\/\/fshb.basketball\/index.php\/wp-json\/wp\/v2\/types\/page"}],"author":[{"embeddable":true,"href":"https:\/\/fshb.basketball\/index.php\/wp-json\/wp\/v2\/users\/1"}],"replies":[{"embeddable":true,"href":"https:\/\/fshb.basketball\/index.php\/wp-json\/wp\/v2\/comments?post=133"}],"version-history":[{"count":3,"href":"https:\/\/fshb.basketball\/index.php\/wp-json\/wp\/v2\/pages\/133\/revisions"}],"predecessor-version":[{"id":613,"href":"https:\/\/fshb.basketball\/index.php\/wp-json\/wp\/v2\/pages\/133\/revisions\/613"}],"wp:attachment":[{"href":"https:\/\/fshb.basketball\/index.php\/wp-json\/wp\/v2\/media?parent=133"}],"curies":[{"name":"wp","href":"https:\/\/api.w.org\/{rel}","templated":true}]}}