{"id":1328,"date":"2024-09-04T13:52:02","date_gmt":"2024-09-04T13:52:02","guid":{"rendered":"https:\/\/fshb.basketball\/?page_id=1328"},"modified":"2024-09-06T13:38:40","modified_gmt":"2024-09-06T13:38:40","slug":"spoc","status":"publish","type":"page","link":"https:\/\/fshb.basketball\/index.php\/spoc\/","title":{"rendered":"SPOC"},"content":{"rendered":"<p><strong>SPOC<\/strong> (Single Point Of Contact) eshte pozicion qe lidhet me ruatjen e kodit te Integritetit dhe Etikes, i cili mban kontakt t\u00eb af\u00ebrt me FIBA-n n\u00eb \u00e7\u00ebshtjet e Integritetit n\u00eb aktivitetet basketbollistike n\u00eb Shqip\u00ebri duke perfshire detyrat e meposhtme:<br \/>\na. Analizon raportime p\u00ebr \u00e7eshtje t\u00eb shkeljeve t\u00eb Kodit t\u00eb Etik\u00ebs n\u00eb aktivitetin basketbollistik n\u00eb Shqip\u00ebri sipas form\u00ebs s\u00eb miratuar p\u00ebr aplikim t\u00eb raportimeve;<br \/>\nb. Heton p\u00ebr \u00e7do shkelje t\u00eb dyshuar t\u00eb Kodit t\u00eb Etik\u00ebs dhe Integritetit t\u00eb FSHB-s dhe\/ose t\u00eb FIBA-s;<br \/>\nc. Siguron q\u00eb t\u00eb gjitha hetimet e kryera n\u00eb em\u00ebr t\u00eb FSHB-s\u00eb t\u00eb jen\u00eb t\u00eb arsyeshme dhe n\u00eb p\u00ebrputhje me t\u00eb gjitha ligjet, rregulloret dhe udh\u00ebzimet n\u00eb fuqi t\u00eb FSHB-s\u00eb;<br \/>\nd. Ruan n\u00eb m\u00ebnyr\u00eb konfidenciale \u00e7do informacion t\u00eb marr\u00eb n\u00ebp\u00ebrmjet raporteve ose hetimeve p\u00ebr shkeljet e dyshuara t\u00eb lidhura me integritetin, p\u00ebrve\u00e7 rasteve kur autorizohen nga FSHB p\u00ebr t&#8217;ia zbuluar publikut, autoriteteve ose k\u00ebrkohet nga ligji p\u00ebr ta b\u00ebr\u00eb publike;<br \/>\ne. N\u00ebse \u00ebsht\u00eb e nevojshme, i propozon FSHB-s\u00eb ekspertiz\u00eb specifike q\u00eb mund t\u00eb jet\u00eb e nevojshme n\u00eb mb\u00ebshtetje t\u00eb hetimit;<br \/>\n\u00eb. Jep nj\u00eb raport t\u00eb pavarur FSHB-s\u00eb pas nj\u00eb hetimi ose FIBA-s apo institucioneve t\u00eb tjera sipas rastit.<br \/>\nf. Mban kontakt zyrtar me FIBA-n dhe raporton p\u00ebr \u00e7do problematik\u00eb rreth Integritetit n\u00eb aktivitetet basketbollistike n\u00eb Shqip\u00ebri q\u00eb c\u00ebnon Kodin e Etik\u00ebs t\u00eb FSHB-s\u00eb dhe\/ose t\u00eb FIBA-s .<br \/>\ng. Ndjek trajnimet e k\u00ebrkuara nga FSHB, FIBA apo Institucione t\u00eb tjera sportive rreth \u00e7eshtejeve t\u00eb Integritetit n\u00eb sport.<br \/>\ngj. Vepron i pavarur n\u00eb interes t\u00eb Integritetit basketbollistik n\u00eb Shqip\u00ebri, duke raportuar dhe denoncuar problematikat Institucionale t\u00eb FSHB-s\u00eb, shoqatave an\u00ebtare t\u00eb FSHB-s\u00eb apo organizatave ose institucioneve t\u00eb tjera me ndikim, n\u00eb organet e drejt\u00ebsis\u00eb n\u00eb territorin e Shqip\u00ebris\u00eb ose Nd\u00ebrkomb\u00ebtare.<\/p>\n<p>&nbsp;<\/p>\n<p style=\"text-align: center;\">Roli i SPOC per FSHB-ne i eshte besuar <strong>z. Edison Gjoni<\/strong> prej dates 02.09.2024.<\/p>\n<p><img fetchpriority=\"high\" decoding=\"async\" class=\"size-medium wp-image-1333 aligncenter\" src=\"https:\/\/fshb.basketball\/wp-content\/uploads\/2024\/09\/Edison-Gjoni-198x300.jpg\" alt=\"\" width=\"198\" height=\"300\" srcset=\"https:\/\/fshb.basketball\/wp-content\/uploads\/2024\/09\/Edison-Gjoni-198x300.jpg 198w, https:\/\/fshb.basketball\/wp-content\/uploads\/2024\/09\/Edison-Gjoni-675x1024.jpg 675w, https:\/\/fshb.basketball\/wp-content\/uploads\/2024\/09\/Edison-Gjoni.jpg 738w\" sizes=\"(max-width: 198px) 100vw, 198px\" \/><\/p>\n<p>&nbsp;<\/p>\n<p style=\"text-align: center;\"><strong><a href=\"https:\/\/playershub.fiba.com\/en\/integrity\/abusive-behaviour\/what-abusive-behaviour\">LINK INFORMATIV NGA FIBA<\/a><\/strong><\/p>\n<p><strong>*Raportimi<\/strong><\/p>\n<p>Kushdo q\u00eb ka njohuri p\u00ebr sjellje abuzive (jo vet\u00ebm personi q\u00eb e p\u00ebrjeton at\u00eb) ka t\u00eb drejt\u00ebn dhe detyrimin moral p\u00ebr t\u00eb njoftuar dhe b\u00ebr\u00eb nj\u00eb ankes\u00eb formale. Ju mund t\u00eb raportoni sjelljen abuzive tek:<\/p>\n<ul>\n<li>&#8211; Burimet Njer\u00ebzore t\u00eb klubit\/ekipit tuaj;<br \/>\n&#8211; Federata Shqiptare e Basketbollit;<br \/>\n&#8211; Rrethi juaj (p.sh., familja, agjenti, Mentori i Lojtar\u00ebve, etj.);<br \/>\n&#8211; FIBA (players@fiba.basketball);<br \/>\n<strong>&#8211; N\u00ebse sjellja k\u00ebrc\u00ebnon sigurin\u00eb, kontaktoni policin\u00eb.<\/strong><\/li>\n<\/ul>\n<p><em>FSHB dhe organizatat nd\u00ebrkomb\u00ebtare ndalojn\u00eb k\u00ebdo q\u00eb tenton t\u00eb pengoj\u00eb ose t\u00eb hakmerret kund\u00ebr atyre q\u00eb raportojn\u00eb, kund\u00ebrshtojn\u00eb, ose flasin kund\u00ebr sjelljeve abuzive. Ata gjithashtu ndalojn\u00eb hakmarrjen ndaj kujtdo q\u00eb merr pjes\u00eb n\u00eb nj\u00eb hetim lidhur me sjellje abuzive, ose q\u00eb mb\u00ebshtet t\u00eb tjer\u00ebt n\u00eb p\u00ebrpjekjet e tyre p\u00ebr t\u00eb raportuar, kund\u00ebrshtuar, ose folur kund\u00ebr sjelljeve abuzive. Kushdo q\u00eb ka njohuri p\u00ebr tendec\u00eb lidhur me pengimin apo hakmarrjen ndaj personave q\u00eb raportojn\u00eb, ka t\u00eb drejt\u00ebn t\u00eb njoftoj\u00eb dhe t\u00eb b\u00ebj\u00eb nj\u00eb ankes\u00eb formale.<\/em><\/p>\n<p>Me poshte mund te raportoni tek SPOC:<\/p>\n<style id=\"wpforms-css-vars-1336\">\n\t\t\t\t#wpforms-1336 {\n\t\t\t\t\n\t\t\t}\n\t\t\t<\/style><div class=\"wpforms-container wpforms-container-full wpforms-render-modern\" id=\"wpforms-1336\"><form id=\"wpforms-form-1336\" class=\"wpforms-validate wpforms-form wpforms-ajax-form\" data-formid=\"1336\" method=\"post\" enctype=\"multipart\/form-data\" action=\"\/index.php\/wp-json\/wp\/v2\/pages\/1328\" data-token=\"9ebce149c9755c0cde72933a10bb9379\" data-token-time=\"1776215842\"><noscript class=\"wpforms-error-noscript\">Please enable JavaScript in your browser to complete this form.<\/noscript><div id=\"wpforms-error-noscript\" style=\"display: none;\">Please enable JavaScript in your browser to complete this form.<\/div><div class=\"wpforms-field-container\"><div id=\"wpforms-1336-field_1-container\" class=\"wpforms-field wpforms-field-name\" data-field-id=\"1\"><label class=\"wpforms-field-label\" for=\"wpforms-1336-field_1\">Emri - Mbiemri *Opsionale<\/label><input type=\"text\" id=\"wpforms-1336-field_1\" class=\"wpforms-field-medium\" name=\"wpforms[fields][1]\" aria-errormessage=\"wpforms-1336-field_1-error\" aria-describedby=\"wpforms-1336-field_1-description\" ><div id=\"wpforms-1336-field_1-description\" class=\"wpforms-field-description\">*Kjo eshte nje hapsire opsionale nese deshironi te vendosni te dhenat tuaja.<\/div><\/div>\t\t<div id=\"wpforms-1336-field_4-container\"\n\t\t\tclass=\"wpforms-field wpforms-field-text\"\n\t\t\tdata-field-type=\"text\"\n\t\t\tdata-field-id=\"4\"\n\t\t\t>\n\t\t\t<label class=\"wpforms-field-label\" for=\"wpforms-1336-field_4\" >- *Opsionale Emri<\/label>\n\t\t\t<input type=\"text\" id=\"wpforms-1336-field_4\" class=\"wpforms-field-medium\" name=\"wpforms[fields][4]\" >\n\t\t<\/div>\n\t\t<div id=\"wpforms-1336-field_2-container\" class=\"wpforms-field wpforms-field-email\" data-field-id=\"2\"><label class=\"wpforms-field-label\" for=\"wpforms-1336-field_2\">Email - Opsionale<\/label><input type=\"email\" id=\"wpforms-1336-field_2\" class=\"wpforms-field-medium\" name=\"wpforms[fields][2]\" spellcheck=\"false\" aria-errormessage=\"wpforms-1336-field_2-error\" aria-describedby=\"wpforms-1336-field_2-description\" ><div id=\"wpforms-1336-field_2-description\" class=\"wpforms-field-description\">Kjo eshte hapsire opsionale nese deshironi te vendosni emailin tuaj.<\/div><\/div><div id=\"wpforms-1336-field_3-container\" class=\"wpforms-field wpforms-field-textarea\" data-field-id=\"3\"><label class=\"wpforms-field-label\" for=\"wpforms-1336-field_3\">RAPORTO! <span class=\"wpforms-required-label\" aria-hidden=\"true\">*<\/span><\/label><textarea id=\"wpforms-1336-field_3\" class=\"wpforms-field-medium wpforms-field-required\" name=\"wpforms[fields][3]\" aria-errormessage=\"wpforms-1336-field_3-error\" aria-describedby=\"wpforms-1336-field_3-description\" required><\/textarea><div id=\"wpforms-1336-field_3-description\" class=\"wpforms-field-description\">Ne kete hapsire mund te shkruani pershkruani raportimin per cenim te kodit te Etikes dhe Sjelljes lidhur me aktivitetet basketbollistike ne Shqiperi.<\/div><\/div><script>\n\t\t\t\t( function() {\n\t\t\t\t\tconst style = document.createElement( 'style' );\n\t\t\t\t\tstyle.appendChild( document.createTextNode( '#wpforms-1336-field_4-container { position: absolute !important; overflow: hidden !important; display: inline !important; height: 1px !important; width: 1px !important; z-index: -1000 !important; padding: 0 !important; } #wpforms-1336-field_4-container input { visibility: hidden; } #wpforms-conversational-form-page #wpforms-1336-field_4-container label { counter-increment: none; }' ) );\n\t\t\t\t\tdocument.head.appendChild( style );\n\t\t\t\t\tdocument.currentScript?.remove();\n\t\t\t\t} )();\n\t\t\t<\/script><\/div><!-- .wpforms-field-container --><div class=\"wpforms-submit-container\" ><input type=\"hidden\" name=\"wpforms[id]\" value=\"1336\"><input type=\"hidden\" name=\"page_title\" value=\"\"><input type=\"hidden\" name=\"page_url\" value=\"https:\/\/fshb.basketball\/index.php\/wp-json\/wp\/v2\/pages\/1328\"><input type=\"hidden\" name=\"url_referer\" value=\"\"><button type=\"submit\" name=\"wpforms[submit]\" id=\"wpforms-submit-1336\" class=\"wpforms-submit\" data-alt-text=\"Sending...\" data-submit-text=\"Submit\" aria-live=\"assertive\" value=\"wpforms-submit\">Submit<\/button><img decoding=\"async\" src=\"https:\/\/fshb.basketball\/wp-content\/plugins\/wpforms-lite\/assets\/images\/submit-spin.svg\" class=\"wpforms-submit-spinner\" style=\"display: none;\" width=\"26\" height=\"26\" alt=\"Loading\"><\/div><\/form><\/div>  <!-- .wpforms-container -->\n","protected":false},"excerpt":{"rendered":"<p>SPOC (Single Point Of Contact) eshte pozicion qe lidhet me ruatjen e kodit te Integritetit dhe Etikes, i cili mban [&hellip;]<\/p>\n","protected":false},"author":1,"featured_media":0,"parent":0,"menu_order":0,"comment_status":"closed","ping_status":"closed","template":"","meta":{"footnotes":""},"class_list":["post-1328","page","type-page","status-publish","hentry"],"_links":{"self":[{"href":"https:\/\/fshb.basketball\/index.php\/wp-json\/wp\/v2\/pages\/1328","targetHints":{"allow":["GET"]}}],"collection":[{"href":"https:\/\/fshb.basketball\/index.php\/wp-json\/wp\/v2\/pages"}],"about":[{"href":"https:\/\/fshb.basketball\/index.php\/wp-json\/wp\/v2\/types\/page"}],"author":[{"embeddable":true,"href":"https:\/\/fshb.basketball\/index.php\/wp-json\/wp\/v2\/users\/1"}],"replies":[{"embeddable":true,"href":"https:\/\/fshb.basketball\/index.php\/wp-json\/wp\/v2\/comments?post=1328"}],"version-history":[{"count":5,"href":"https:\/\/fshb.basketball\/index.php\/wp-json\/wp\/v2\/pages\/1328\/revisions"}],"predecessor-version":[{"id":1341,"href":"https:\/\/fshb.basketball\/index.php\/wp-json\/wp\/v2\/pages\/1328\/revisions\/1341"}],"wp:attachment":[{"href":"https:\/\/fshb.basketball\/index.php\/wp-json\/wp\/v2\/media?parent=1328"}],"curies":[{"name":"wp","href":"https:\/\/api.w.org\/{rel}","templated":true}]}}