{"id":100,"date":"2024-03-25T12:18:59","date_gmt":"2024-03-25T12:18:59","guid":{"rendered":"https:\/\/fshb.basketball\/?page_id=100"},"modified":"2026-01-28T14:38:40","modified_gmt":"2026-01-28T14:38:40","slug":"u16-vajza","status":"publish","type":"page","link":"https:\/\/fshb.basketball\/index.php\/u16-vajza\/","title":{"rendered":"U16 Vajza"},"content":{"rendered":"<p><a href=\"https:\/\/fshb.basketball\/wp-content\/uploads\/2025\/12\/10-TIRANA-Lista-e-lojtareve-2025-26-Kampionati-Kombetar-U16-Vajza.pdf\">10 TIRANA Lista e lojtar\u00ebve 2025-26 Kampionati Komb\u00ebtar U16 Vajza<\/a><\/p>\n<p><a href=\"https:\/\/fshb.basketball\/wp-content\/uploads\/2026\/01\/FLAMURTARI-Lista-e-lojtareve-2025-26-Kampionati-Kombetar-U16-Vajza-15.01.2026.pdf\">FLAMURTARI Lista e lojtar\u00ebve 2025-26 Kampionati Komb\u00ebtar U16 Vajza 15.01.2026<\/a><\/p>\n<p><a href=\"https:\/\/fshb.basketball\/wp-content\/uploads\/2025\/11\/GOGA-BASKET-Lista-e-lojtareve-2025-26-Kampionati-Kombetar-U16-Vajza.pdf\">GOGA BASKET Lista e lojtar\u00ebve 2025-26 Kampionati Komb\u00ebtar U16 Vajza<\/a><\/p>\n<p><a href=\"https:\/\/fshb.basketball\/wp-content\/uploads\/2025\/11\/KB-TEUTA-Lista-e-lojtareve-2025-26-Kampionati-Kombetar-U16-Vajza.pdf\">KB TEUTA Lista e lojtar\u00ebve 2025-26 Kampionati Komb\u00ebtar U16 Vajza<\/a><\/p>\n<p><a href=\"https:\/\/fshb.basketball\/wp-content\/uploads\/2025\/11\/KS-TIRANA-Lista-e-lojtareve-2025-26-Kampionati-Kombetar-U16-Vajza.pdf\">KS TIRANA Lista e lojtar\u00ebve 2025-26 Kampionati Komb\u00ebtar U16 Vajza<\/a><\/p>\n<p><a href=\"https:\/\/fshb.basketball\/wp-content\/uploads\/2025\/11\/LEADERS-Lista-e-lojtareve-2025-26-Kampionati-Kombetar-U16-Vajza.pdf\">LEADERS Lista e lojtar\u00ebve 2025-26 Kampionati Komb\u00ebtar U16 Vajza<\/a><\/p>\n<p><a href=\"https:\/\/fshb.basketball\/wp-content\/uploads\/2026\/01\/PARTIZANI-Lista-e-lojtareve-2025-26-Kampionati-Kombetar-U16-Vajza-28.01.2026.pdf\">PARTIZANI Lista e lojtar\u00ebve 2025-26 Kampionati Komb\u00ebtar U16 Vajza 28.01.2026<\/a><\/p>\n<p><a href=\"https:\/\/fshb.basketball\/wp-content\/uploads\/2025\/11\/ROYAL-BASKET-Lista-e-lojtareve-2025-26-Kampionati-Kombetar-U16-Vajza-1.pdf\">ROYAL BASKET Lista e lojtar\u00ebve 2025-26 Kampionati Komb\u00ebtar U16 Vajza<\/a><\/p>\n<p><a href=\"https:\/\/fshb.basketball\/wp-content\/uploads\/2025\/11\/THE-ROSES-Lista-e-lojtareve-2025-26-Kampionati-Kombetar-U16-Vajza.pdf\">THE ROSES Lista e lojtar\u00ebve 2025-26 Kampionati Komb\u00ebtar U16 Vajza<\/a><\/p>\n","protected":false},"excerpt":{"rendered":"<p>10 TIRANA Lista e lojtar\u00ebve 2025-26 Kampionati Komb\u00ebtar U16 Vajza FLAMURTARI Lista e lojtar\u00ebve 2025-26 Kampionati Komb\u00ebtar U16 Vajza 15.01.2026 [&hellip;]<\/p>\n","protected":false},"author":1,"featured_media":0,"parent":0,"menu_order":0,"comment_status":"closed","ping_status":"closed","template":"","meta":{"footnotes":""},"class_list":["post-100","page","type-page","status-publish","hentry"],"_links":{"self":[{"href":"https:\/\/fshb.basketball\/index.php\/wp-json\/wp\/v2\/pages\/100","targetHints":{"allow":["GET"]}}],"collection":[{"href":"https:\/\/fshb.basketball\/index.php\/wp-json\/wp\/v2\/pages"}],"about":[{"href":"https:\/\/fshb.basketball\/index.php\/wp-json\/wp\/v2\/types\/page"}],"author":[{"embeddable":true,"href":"https:\/\/fshb.basketball\/index.php\/wp-json\/wp\/v2\/users\/1"}],"replies":[{"embeddable":true,"href":"https:\/\/fshb.basketball\/index.php\/wp-json\/wp\/v2\/comments?post=100"}],"version-history":[{"count":36,"href":"https:\/\/fshb.basketball\/index.php\/wp-json\/wp\/v2\/pages\/100\/revisions"}],"predecessor-version":[{"id":2715,"href":"https:\/\/fshb.basketball\/index.php\/wp-json\/wp\/v2\/pages\/100\/revisions\/2715"}],"wp:attachment":[{"href":"https:\/\/fshb.basketball\/index.php\/wp-json\/wp\/v2\/media?parent=100"}],"curies":[{"name":"wp","href":"https:\/\/api.w.org\/{rel}","templated":true}]}}